{"id":227,"date":"2019-01-31T17:30:59","date_gmt":"2019-01-31T16:30:59","guid":{"rendered":"https:\/\/www.rossignol-nachtigall.com\/?page_id=227"},"modified":"2025-02-28T23:37:37","modified_gmt":"2025-02-28T22:37:37","slug":"biographie","status":"publish","type":"page","link":"https:\/\/www.rossignol-nachtigall.com\/?page_id=227","title":{"rendered":"BIOGRAPHIE"},"content":{"rendered":"<div class=\"wp-block-image\">\n<figure class=\"aligncenter size-large is-resized\"><a href=\"https:\/\/www.rossignol-nachtigall.com\/wp-content\/uploads\/2023\/06\/cropped-cropped-cropped-Cover-CD-Christine-le-Rossignol-Alles-mit-Pfiff-MCP-CD-1190231-1.jpg\"><img decoding=\"async\" loading=\"lazy\" src=\"https:\/\/www.rossignol-nachtigall.com\/wp-content\/uploads\/2023\/06\/cropped-cropped-cropped-Cover-CD-Christine-le-Rossignol-Alles-mit-Pfiff-MCP-CD-1190231-1-1024x1024.jpg\" alt=\"\" class=\"wp-image-797\" width=\"141\" height=\"141\" srcset=\"https:\/\/www.rossignol-nachtigall.com\/wp-content\/uploads\/2023\/06\/cropped-cropped-cropped-Cover-CD-Christine-le-Rossignol-Alles-mit-Pfiff-MCP-CD-1190231-1-1024x1024.jpg 1024w, https:\/\/www.rossignol-nachtigall.com\/wp-content\/uploads\/2023\/06\/cropped-cropped-cropped-Cover-CD-Christine-le-Rossignol-Alles-mit-Pfiff-MCP-CD-1190231-1-300x300.jpg 300w, https:\/\/www.rossignol-nachtigall.com\/wp-content\/uploads\/2023\/06\/cropped-cropped-cropped-Cover-CD-Christine-le-Rossignol-Alles-mit-Pfiff-MCP-CD-1190231-1-150x150.jpg 150w, https:\/\/www.rossignol-nachtigall.com\/wp-content\/uploads\/2023\/06\/cropped-cropped-cropped-Cover-CD-Christine-le-Rossignol-Alles-mit-Pfiff-MCP-CD-1190231-1-768x769.jpg 768w, https:\/\/www.rossignol-nachtigall.com\/wp-content\/uploads\/2023\/06\/cropped-cropped-cropped-Cover-CD-Christine-le-Rossignol-Alles-mit-Pfiff-MCP-CD-1190231-1.jpg 1300w\" sizes=\"(max-width: 141px) 100vw, 141px\" \/><\/a><\/figure><\/div>\n\n\n<p><strong>Presse Book en format PDF<\/strong><\/p>\n\n\n<p>A Barr, en mars 1970 une fille est n\u00e9e, avec un don particulier, dont elle prendra conscience avec l&#8217;adolescence. Elle r\u00e9ussit d\u00e8s le jeune \u00e2ge \u00e0 siffler ou \u00e0 accompagner instinctivement et spontan\u00e9ment diverses musiques selon ses \u00e9tats d&#8217;\u00e2me.<br>Ce don lui vaut le nom de Rossignol.<br>Les ann\u00e9es pass\u00e8rent et le Rossignol prit conscience de son don. Cette d\u00e9couverte la mena \u00e0 se perfectionner par ses propres moyens.<\/p>\n<p>Avec beaucoup de pers\u00e9v\u00e9rence elle parvint \u00e0 moduler des airs connus et m\u00eame des airs classiques.<\/p>\n<p>Cette r\u00e9ussite actuelle, est le r\u00e9sultat d&#8217;une force et d&#8217;un travail int\u00e9rieur acharn\u00e9s; le but, acqu\u00e9rir une capacit\u00e9 pulmonaire sup\u00e9rieure \u00e0 la normale, atteindre la qualit\u00e9 du timbre et ma\u00eetriser la qualit\u00e9 du son.<\/p>\n<p>Apr\u00e8s l&#8217;\u00e9tonnement succ\u00e8de toujours l&#8217;\u00e9merveillement pour ce savoir faire strictement naturel.<\/p>\n<p>Nomm\u00e9e &#8220;Meilleure siffleuse de France&#8221; par les m\u00e9dias.<\/p>","protected":false},"excerpt":{"rendered":"<p>Presse Book en format PDF A Barr, en mars 1970 une fille est n\u00e9e, avec un don particulier, dont elle<\/p>\n<p><a href=\"https:\/\/www.rossignol-nachtigall.com\/?page_id=227\" class=\"more-link\">Continue reading<span class=\"screen-reader-text\">BIOGRAPHIE<\/span><\/a><\/p>\n","protected":false},"author":1,"featured_media":0,"parent":0,"menu_order":0,"comment_status":"closed","ping_status":"closed","template":"","meta":[],"_links":{"self":[{"href":"https:\/\/www.rossignol-nachtigall.com\/index.php?rest_route=\/wp\/v2\/pages\/227"}],"collection":[{"href":"https:\/\/www.rossignol-nachtigall.com\/index.php?rest_route=\/wp\/v2\/pages"}],"about":[{"href":"https:\/\/www.rossignol-nachtigall.com\/index.php?rest_route=\/wp\/v2\/types\/page"}],"author":[{"embeddable":true,"href":"https:\/\/www.rossignol-nachtigall.com\/index.php?rest_route=\/wp\/v2\/users\/1"}],"replies":[{"embeddable":true,"href":"https:\/\/www.rossignol-nachtigall.com\/index.php?rest_route=%2Fwp%2Fv2%2Fcomments&post=227"}],"version-history":[{"count":15,"href":"https:\/\/www.rossignol-nachtigall.com\/index.php?rest_route=\/wp\/v2\/pages\/227\/revisions"}],"predecessor-version":[{"id":915,"href":"https:\/\/www.rossignol-nachtigall.com\/index.php?rest_route=\/wp\/v2\/pages\/227\/revisions\/915"}],"wp:attachment":[{"href":"https:\/\/www.rossignol-nachtigall.com\/index.php?rest_route=%2Fwp%2Fv2%2Fmedia&parent=227"}],"curies":[{"name":"wp","href":"https:\/\/api.w.org\/{rel}","templated":true}]}}