{"id":223,"date":"2019-01-31T17:28:16","date_gmt":"2019-01-31T16:28:16","guid":{"rendered":"https:\/\/www.rossignol-nachtigall.com\/?page_id=223"},"modified":"2025-02-28T23:38:29","modified_gmt":"2025-02-28T22:38:29","slug":"biografie","status":"publish","type":"page","link":"https:\/\/www.rossignol-nachtigall.com\/?page_id=223","title":{"rendered":"Biografie"},"content":{"rendered":"\n<p><strong>BIOGRAFIE<\/strong><br><br><\/p>\n\n\n\n<figure class=\"wp-block-table\"><table><tbody><tr><td><a href=\"https:\/\/www.rossignol-nachtigall.com\/wp-content\/uploads\/2023\/06\/Presse-Mappe-C.Rossignol-01-2023-DE.pdf\"> <\/a><strong>Presse Mappe in PDF format.<\/strong><a href=\"https:\/\/www.rossignol-nachtigall.com\/wp-content\/uploads\/2023\/06\/Presse-Mappe-C.Rossignol-01-2023-DE.pdf\"> <\/a><\/td><\/tr><\/tbody><\/table><\/figure>\n\n\n\n<p><strong>Christine le Rossignol \u2013 Die Nachtigall aus dem Elsass<\/strong><br><strong><br>Geburtstag<\/strong>: 15. M\u00e4rz 1970<br><strong>Geboren in:<\/strong> Barr \u2013 Els\u00e4ssische Weinstra\u00dfe im Unterelsass<br><strong>B\u00fcrgerlich:<\/strong> Christine Bick Koehl<br><strong>Familienstand:<\/strong> Lebt in einer festen Beziehung mit dem Zauberk\u00fcnstler Roland Fischer<br><strong>K\u00f6rpergr\u00f6\u00dfe:<\/strong> 1.70 m<br><strong>Heimatort:<\/strong> Derzeit Bust \u2013 Elsass<br><strong>Hobbys:<\/strong> Musik, Lesen, Laufen, Basteln, sich mit Freunden treffen und Kochen<br><strong>Lieblingstiere:<\/strong> Papagei und Katze<br><strong>St\u00e4rke:<\/strong> Geduld, ist immer f\u00fcr andere da, hilfsbereit, Ehrlichkeit, kontaktfreudig<br><strong>Schw\u00e4chen:<\/strong> Zu Gro\u00dfes Vertrauen in die Menschheit, verlangt oft von sich selbst zuviel<br><strong>Pers\u00f6nliches Motto:<\/strong> \u201eIMMER DAS BESTE GEBEN UND NACH VORNE BLICKEN\u201c<br><br><\/p>\n\n\n\n<p><strong>DIE NACHTIGALL MIT BESONDEREN PFIFF<br>\n<br>\n<\/strong><\/p>\n\n\n\n<p>\u2026.wie kann es\nanders sein dass die Nachtigall Christine vom Storch ins Elsass gebracht wurde!<br>\n1970 erblickte Christine das Licht der Welt.<\/p>\n\n\n\n<p>Schon als Kind\nhat sie, wenn andere gesungen haben einfach gepfiffen.<\/p>\n\n\n\n<p>Christine le\nRossignol, wie man sie heute nennt hat in Ihrer Jugend durch Zeitungen\naustragen etc. immer ein kleines Taschengeld verdient.<\/p>\n\n\n\n<p>Das es w\u00e4hrend\ndes Austragens nicht so langweilig war hat sie mit ihrer besonderen Gabe,\nn\u00e4mlich dem Pfeifen Lieder gepfiffen und sich selbst unterhalten.<\/p>\n\n\n\n<p>Es hat nicht\nlange gedauert und viele wurden auf sie aufmerksam und lauschten ihrer Kunst.<\/p>\n\n\n\n<p>Sie besch\u00e4ftige\nsich sehr intensiv und profihaft mit ihrer Gabe und ihrem Talent.<\/p>\n\n\n\n<p>Ihr Ehrgeiz und\nihre Hartn\u00e4ckigkeit zu sich selbst zahlte sich aus und sie schafft es auf die\nBretter die die Welt bedeuten.<\/p>\n\n\n\n<p>Die Intonation\nist so unglaublich sauber, wenn Christine ihre Lieder bei Konzerten oder TV\nShows interpretiert, man kommt aus dem Staunen nicht raus &#8211; man ist fasziniert.<\/p>\n\n\n\n<p>Sie beherrscht\nihre Kunst in vier Oktaven und viele musikalische Fachleute bewundern diese\nbescheidene K\u00fcnstlerin. <\/p>\n\n\n\n<p>Das Repertoir\nreicht von Klassik bis zum Gassenhauer.<\/p>\n\n\n\n<p>Deshalb ist sie\nbei vielen Events im In \u2013 und Ausland immer ein gern gesehener Gast, ob Kirche\noder Konzertsaal, sie ist \u00fcberall daheim.<\/p>\n\n\n\n<p>Die Els\u00e4sserin mit ihrer fr\u00f6hlichen und frischen Ausstrahlung sagt das Pfeifen ist eine Gottes Gabe und ich bin mehr als dankbar, dass ich dieses Talent in die Wiege gelegt bekommen habe.<br><\/p>\n","protected":false},"excerpt":{"rendered":"<p>BIOGRAFIE Presse Mappe in PDF format. Christine le Rossignol \u2013 Die Nachtigall aus dem ElsassGeburtstag: 15. M\u00e4rz 1970Geboren in: Barr<\/p>\n<p><a href=\"https:\/\/www.rossignol-nachtigall.com\/?page_id=223\" class=\"more-link\">Continue reading<span class=\"screen-reader-text\">Biografie<\/span><\/a><\/p>\n","protected":false},"author":1,"featured_media":0,"parent":0,"menu_order":0,"comment_status":"closed","ping_status":"closed","template":"","meta":[],"_links":{"self":[{"href":"https:\/\/www.rossignol-nachtigall.com\/index.php?rest_route=\/wp\/v2\/pages\/223"}],"collection":[{"href":"https:\/\/www.rossignol-nachtigall.com\/index.php?rest_route=\/wp\/v2\/pages"}],"about":[{"href":"https:\/\/www.rossignol-nachtigall.com\/index.php?rest_route=\/wp\/v2\/types\/page"}],"author":[{"embeddable":true,"href":"https:\/\/www.rossignol-nachtigall.com\/index.php?rest_route=\/wp\/v2\/users\/1"}],"replies":[{"embeddable":true,"href":"https:\/\/www.rossignol-nachtigall.com\/index.php?rest_route=%2Fwp%2Fv2%2Fcomments&post=223"}],"version-history":[{"count":19,"href":"https:\/\/www.rossignol-nachtigall.com\/index.php?rest_route=\/wp\/v2\/pages\/223\/revisions"}],"predecessor-version":[{"id":916,"href":"https:\/\/www.rossignol-nachtigall.com\/index.php?rest_route=\/wp\/v2\/pages\/223\/revisions\/916"}],"wp:attachment":[{"href":"https:\/\/www.rossignol-nachtigall.com\/index.php?rest_route=%2Fwp%2Fv2%2Fmedia&parent=223"}],"curies":[{"name":"wp","href":"https:\/\/api.w.org\/{rel}","templated":true}]}}